{"id":187,"date":"2026-04-13T18:17:37","date_gmt":"2026-04-13T16:17:37","guid":{"rendered":"https:\/\/agence.blim.pro\/?page_id=187"},"modified":"2026-04-13T18:29:43","modified_gmt":"2026-04-13T16:29:43","slug":"home-2","status":"publish","type":"page","link":"https:\/\/agence.blim.pro\/","title":{"rendered":"Home"},"content":{"rendered":"<div class=\"et_pb_section_0 et_pb_section et_section_regular et_block_section preset--module--divi-section--1efdd3ee-0841-4f43-a798-f43b810ca950\">\n<div class=\"et_pb_row_0 et_pb_row et_block_row\">\n<div class=\"et_pb_column_0 et_pb_column et_pb_column_4_4 et-last-child et_block_column et_pb_css_mix_blend_mode_passthrough\">\n<div class=\"et_pb_heading_0 et_pb_heading et_pb_module et_block_module preset--module--divi-heading--92694e90-2bbc-4c8d-803f-6f78bfe4e56f\"><div class=\"et_pb_heading_container\"><h1 class=\"et_pb_module_header\">Cr\u00e9ateur de site internet depuis 2016<\/h1><\/div><\/div>\n<\/div>\n<\/div>\n\n<div class=\"et_pb_row_1 et_pb_row et_block_row\">\n<div class=\"et_pb_column_1 et_pb_column et_pb_column_1_2 et_block_column et_pb_css_mix_blend_mode_passthrough\">\n<div class=\"et_pb_module et_pb_button_module_wrapper et_pb_button_0_wrapper preset--module--divi-button--b3f36564-444e-44a3-baa5-4e29b4d0acae_wrapper\"><a class=\"et_pb_button_0 et_pb_button et_pb_bg_layout_light et_pb_module et_block_module preset--module--divi-button--b3f36564-444e-44a3-baa5-4e29b4d0acae\" href=\"\">Contactez-nous<\/a><\/div>\n<\/div>\n\n<div class=\"et_pb_column_2 et_pb_column et_pb_column_1_2 et-last-child et_block_column et_pb_css_mix_blend_mode_passthrough\">\n<div class=\"et_pb_text_0 et_pb_text et_pb_bg_layout_light et_pb_module et_block_module preset--module--divi-text--3f69b3ea-ce03-473a-8ff4-2a0d01e97203\"><div class=\"et_pb_text_inner\"><p>Agence sp\u00e9cialis\u00e9e dans la cr\u00e9ation de sites internet depuis 2016, nous accompagnons les entreprises dans leur pr\u00e9sence digitale avec des solutions modernes, performantes et sur mesure.<\/p>\n<\/div><\/div>\n<\/div>\n<\/div>\n<\/div>\n\n<div class=\"et_pb_section_1 et_pb_section et_section_regular et_block_section\">\n<div class=\"et_pb_row_2 et_pb_row et_block_row\">\n<div class=\"et_pb_column_3 et_pb_column et_pb_column_2_5 et_block_column et_pb_css_mix_blend_mode_passthrough\">\n<div class=\"et_pb_heading_1 et_pb_heading et_pb_module et_block_module preset--module--divi-heading--dad5791a-3ba4-4fbf-9683-8bc8f1ea5da9\"><div class=\"et_pb_heading_container\"><h2 class=\"et_pb_module_header\">A Propos<\/h2><\/div><\/div>\n<\/div>\n\n<div class=\"et_pb_column_4 et_pb_column et_pb_column_3_5 et-last-child et_block_column et_pb_css_mix_blend_mode_passthrough\">\n<div class=\"et_pb_text_1 et_pb_text et_pb_bg_layout_light et_pb_module et_block_module preset--module--divi-text--e692c43c-3192-4fc6-baa6-228f8283ac44\"><div class=\"et_pb_text_inner\"><p data-start=\"912\" data-end=\"1030\">Aujourd\u2019hui, notre mission reste la m\u00eame :<br \/>\ud83d\udc49 cr\u00e9er des sites qui ne sont pas seulement beaux, mais qui convertissent.<\/p>\n<p data-start=\"1032\" data-end=\"1145\">Nous combinons design, technologie et strat\u00e9gie pour construire des exp\u00e9riences digitales qui font la diff\u00e9rence.<\/p>\n<\/div><\/div>\n\n<div class=\"et_pb_module et_pb_button_module_wrapper et_pb_button_1_wrapper preset--module--divi-button--0235b045-cde5-4272-b126-367e42d12530_wrapper\"><a class=\"et_pb_button_1 et_pb_button et_pb_bg_layout_light et_pb_module et_block_module preset--module--divi-button--0235b045-cde5-4272-b126-367e42d12530\" href=\"\">Learn More<\/a><\/div>\n<\/div>\n<\/div>\n\n<div class=\"et_pb_row_3 et_pb_row et_block_row\">\n<div class=\"et_pb_column_5 et_pb_column et_pb_column_4_4 et-last-child et_block_column et_pb_css_mix_blend_mode_passthrough\">\n<div class=\"et_pb_image_0 et_pb_image et_pb_module et_block_module preset--module--divi-image--5885a62b-1e6b-4f0a-9833-43b4610340f9\"><span class=\"et_pb_image_wrap\"><img loading=\"lazy\" decoding=\"async\" src=\"https:\/\/agence.blim.pro\/wp-content\/uploads\/2026\/04\/web-design-agency-02.jpg\" width=\"1280\" height=\"570\" srcset=\"https:\/\/agence.blim.pro\/wp-content\/uploads\/2026\/04\/web-design-agency-02.jpg 1280w, https:\/\/agence.blim.pro\/wp-content\/uploads\/2026\/04\/web-design-agency-02-980x436.jpg 980w, https:\/\/agence.blim.pro\/wp-content\/uploads\/2026\/04\/web-design-agency-02-480x214.jpg 480w\" sizes=\"(min-width: 0px) and (max-width: 480px) 480px, (min-width: 481px) and (max-width: 980px) 980px, (min-width: 981px) 1280px, 100vw\" class=\"wp-image-202\" title=\"web-design-agency-02\" \/><\/span><\/div>\n\n<div class=\"et_pb_heading_2 et_pb_heading et_pb_module et_block_module preset--module--divi-heading--dad5791a-3ba4-4fbf-9683-8bc8f1ea5da9\"><div class=\"et_pb_heading_container\"><h2 class=\"et_pb_module_header\">Et demain ?\nContinuer \u00e0 innover, \u00e0 simplifier le web\u2026 et \u00e0 aider encore plus de projets \u00e0 voir le jour.<\/h2><\/div><\/div>\n<\/div>\n<\/div>\n<\/div>\n\n<div class=\"et_pb_section_2 et_pb_section et_section_regular et_block_section\">\n<div class=\"et_pb_row_4 et_pb_row et_block_row\">\n<div class=\"et_pb_column_6 et_pb_column et_pb_column_4_4 et-last-child et_block_column et_pb_css_mix_blend_mode_passthrough\">\n<div class=\"et_pb_heading_3 et_pb_heading et_pb_module et_block_module preset--module--divi-heading--af347901-a4d3-4967-8512-0160a3c15c80\"><div class=\"et_pb_heading_container\"><h4 class=\"et_pb_module_header\">Notre Expertise<\/h4><\/div><\/div>\n<\/div>\n<\/div>\n\n<div class=\"et_pb_row_5 et_pb_row et_pb_row_4col et_pb_equal_columns et_pb_gutters2 et_block_row et_block_row_4col\">\n<div class=\"et_pb_column_7 et_pb_column et_pb_column_1_4 et_block_column et_pb_css_mix_blend_mode_passthrough preset--module--divi-column--f5138f78-25ec-49c7-90ab-b72eda2c82a2\">\n<div class=\"et_pb_heading_4 et_pb_heading et_pb_module et_block_module preset--module--divi-heading--7325b3c7-91d8-4e69-88c0-8c0a792f0017\"><div class=\"et_pb_heading_container\"><h5 class=\"et_pb_module_header\">Website Design<\/h5><\/div><\/div>\n\n<div class=\"et_pb_text_2 et_pb_text et_pb_bg_layout_light et_pb_module et_block_module preset--module--divi-text--aed12a6f-2578-4ba4-aa7d-edd809e475c6\"><div class=\"et_pb_text_inner\"><p>Unique, responsive websites expertly tailored to your brand\u2019s needs.<\/p>\n<\/div><\/div>\n<\/div>\n\n<div class=\"et_pb_column_8 et_pb_column et_pb_column_1_4 et_block_column et_pb_css_mix_blend_mode_passthrough preset--module--divi-column--f5138f78-25ec-49c7-90ab-b72eda2c82a2\">\n<div class=\"et_pb_heading_5 et_pb_heading et_pb_module et_block_module preset--module--divi-heading--7325b3c7-91d8-4e69-88c0-8c0a792f0017\"><div class=\"et_pb_heading_container\"><h5 class=\"et_pb_module_header\">E-Commerce<\/h5><\/div><\/div>\n\n<div class=\"et_pb_text_3 et_pb_text et_pb_bg_layout_light et_pb_module et_block_module preset--module--divi-text--aed12a6f-2578-4ba4-aa7d-edd809e475c6\"><div class=\"et_pb_text_inner\"><p>Seamless, secure online shopping experiences to increase conversions.<\/p>\n<\/div><\/div>\n<\/div>\n\n<div class=\"et_pb_column_9 et_pb_column et_pb_column_1_4 et_block_column et_pb_css_mix_blend_mode_passthrough preset--module--divi-column--f5138f78-25ec-49c7-90ab-b72eda2c82a2\">\n<div class=\"et_pb_heading_6 et_pb_heading et_pb_module et_block_module preset--module--divi-heading--7325b3c7-91d8-4e69-88c0-8c0a792f0017\"><div class=\"et_pb_heading_container\"><h5 class=\"et_pb_module_header\">UI \/ UX Design<\/h5><\/div><\/div>\n\n<div class=\"et_pb_text_4 et_pb_text et_pb_bg_layout_light et_pb_module et_block_module preset--module--divi-text--aed12a6f-2578-4ba4-aa7d-edd809e475c6\"><div class=\"et_pb_text_inner\"><p>Intuitive, visually stunning interfaces for exceptional user engagement.<\/p>\n<\/div><\/div>\n<\/div>\n\n<div class=\"et_pb_column_10 et_pb_column et_pb_column_1_4 et-last-child et_block_column et_pb_column_empty et_pb_css_mix_blend_mode_passthrough\"><\/div>\n<\/div>\n\n<div class=\"et_pb_row_6 et_pb_row et_pb_row_4col et_pb_equal_columns et_pb_gutters2 et_block_row et_block_row_4col\">\n<div class=\"et_pb_column_11 et_pb_column et_pb_column_1_4 et_block_column et_pb_css_mix_blend_mode_passthrough\">\n<div class=\"et_pb_divider_0 et_pb_divider_hidden et_pb_space et_pb_divider_position_top et_pb_module preset--module--divi-divider--default\"><div class=\"et_pb_divider_internal\"><\/div><\/div>\n<\/div>\n\n<div class=\"et_pb_column_12 et_pb_column et_pb_column_1_4 et_block_column et_pb_css_mix_blend_mode_passthrough preset--module--divi-column--f5138f78-25ec-49c7-90ab-b72eda2c82a2\">\n<div class=\"et_pb_heading_7 et_pb_heading et_pb_module et_block_module preset--module--divi-heading--7325b3c7-91d8-4e69-88c0-8c0a792f0017\"><div class=\"et_pb_heading_container\"><h5 class=\"et_pb_module_header\">Maintenance<\/h5><\/div><\/div>\n\n<div class=\"et_pb_text_5 et_pb_text et_pb_bg_layout_light et_pb_module et_block_module preset--module--divi-text--aed12a6f-2578-4ba4-aa7d-edd809e475c6\"><div class=\"et_pb_text_inner\"><p>Regular updates, advanced security, and peak performance optimization.<\/p>\n<\/div><\/div>\n<\/div>\n\n<div class=\"et_pb_column_13 et_pb_column et_pb_column_1_4 et_block_column et_pb_css_mix_blend_mode_passthrough preset--module--divi-column--f5138f78-25ec-49c7-90ab-b72eda2c82a2\">\n<div class=\"et_pb_heading_8 et_pb_heading et_pb_module et_block_module preset--module--divi-heading--7325b3c7-91d8-4e69-88c0-8c0a792f0017\"><div class=\"et_pb_heading_container\"><h5 class=\"et_pb_module_header\">SEO Optimization<\/h5><\/div><\/div>\n\n<div class=\"et_pb_text_6 et_pb_text et_pb_bg_layout_light et_pb_module et_block_module preset--module--divi-text--aed12a6f-2578-4ba4-aa7d-edd809e475c6\"><div class=\"et_pb_text_inner\"><p>Boost your site\u2019s visibility and attract more qualified organic traffic.<\/p>\n<\/div><\/div>\n<\/div>\n\n<div class=\"et_pb_column_14 et_pb_column et_pb_column_1_4 et-last-child et_block_column et_pb_css_mix_blend_mode_passthrough preset--module--divi-column--f5138f78-25ec-49c7-90ab-b72eda2c82a2\">\n<div class=\"et_pb_heading_9 et_pb_heading et_pb_module et_block_module preset--module--divi-heading--7325b3c7-91d8-4e69-88c0-8c0a792f0017\"><div class=\"et_pb_heading_container\"><h5 class=\"et_pb_module_header\">Graphic Design<\/h5><\/div><\/div>\n\n<div class=\"et_pb_text_7 et_pb_text et_pb_bg_layout_light et_pb_module et_block_module preset--module--divi-text--default\"><div class=\"et_pb_text_inner\"><p>Cohesive, impactful visuals that elevate your brand identity and create lasting impressions.<\/p>\n<\/div><\/div>\n<\/div>\n<\/div>\n<\/div>\n\n<div class=\"et_pb_section_3 et_pb_section et_section_regular et_block_section\">\n<div class=\"et_pb_row_7 et_pb_row et_block_row\">\n<div class=\"et_pb_column_15 et_pb_column et_pb_column_1_2 et_block_column et_pb_css_mix_blend_mode_passthrough\">\n<div class=\"et_pb_heading_10 et_pb_heading et_pb_module et_block_module preset--module--divi-heading--af347901-a4d3-4967-8512-0160a3c15c80\"><div class=\"et_pb_heading_container\"><h4 class=\"et_pb_module_header\">How We Work<\/h4><\/div><\/div>\n\n<div class=\"et_pb_accordion_0 et_pb_accordion et_pb_module et_block_module preset--module--divi-accordion--4e6abdc0-b56d-49e6-a4d7-bb6b92bb0928\">\n<div class=\"et_pb_accordion_item_0 et_pb_accordion_item et_pb_toggle et_pb_module et_pb_toggle_open et_block_module preset--module--divi-accordion-item--default\"><h5 class=\"et_pb_toggle_title\">Research<\/h5><div class=\"et_pb_toggle_content\"><p>We begin every project by diving deep into understanding your business, your target audience, and your industry landscape. This crucial phase involves thorough market analysis, competitor research, and in-depth discussions with you to uncover your unique goals and challenges.\u00a0<\/p>\n<\/div><\/div>\n\n<div class=\"et_pb_accordion_item_1 et_pb_accordion_item et_pb_toggle et_pb_module et_pb_toggle_close et_block_module preset--module--divi-accordion-item--default\"><h5 class=\"et_pb_toggle_title\">Strategy<\/h5><div class=\"et_pb_toggle_content\"><p>With a clear understanding of the research findings, we move into the strategic phase. Here, we develop a tailored roadmap for your digital presence. This includes defining your website's information architecture, user flows, content strategy, and key performance indicators (KPIs). We outline a strategic approach that aligns with your business goals, ensuring that every design and development decision is purposeful and contributes to measurable success.<\/p>\n<\/div><\/div>\n\n<div class=\"et_pb_accordion_item_2 et_pb_accordion_item et_pb_toggle et_pb_module et_pb_toggle_close et_block_module preset--module--divi-accordion-item--default\"><h5 class=\"et_pb_toggle_title\">Design<\/h5><div class=\"et_pb_toggle_content\"><p>This is where creativity and functionality converge. Our talented designers translate the strategic blueprint into visually stunning and user-centric designs. We focus on creating an engaging aesthetic that reflects your brand identity while ensuring a seamless and intuitive user experience across all devices. Through wireframing, prototyping, and meticulous attention to detail, we craft a design that not only looks beautiful but also guides users effectively towards your desired outcomes.<\/p>\n<\/div><\/div>\n\n<div class=\"et_pb_accordion_item_3 et_pb_accordion_item et_pb_toggle et_pb_module et_pb_toggle_close et_block_module preset--module--divi-accordion-item--default\"><h5 class=\"et_pb_toggle_title\">Build<\/h5><div class=\"et_pb_toggle_content\"><p>Once the design is finalized and approved, our skilled developers bring it to life with precision and expertise. Utilizing the latest technologies and best practices, we build a robust and scalable website that is optimized for performance and security. Whether it's a custom-built solution or leveraging platforms like Divi, we ensure a seamless integration of design and functionality, resulting in a website that is both powerful and user-friendly.<\/p>\n<\/div><\/div>\n<\/div>\n\n<div class=\"et_pb_module et_pb_button_module_wrapper et_pb_button_2_wrapper preset--module--divi-button--410fd9f2-734a-40bd-831b-0237c77c3722_wrapper\"><a class=\"et_pb_button_2 et_pb_button et_pb_bg_layout_light et_pb_module et_block_module preset--module--divi-button--410fd9f2-734a-40bd-831b-0237c77c3722\" href=\"\">Talk With Us!<\/a><\/div>\n<\/div>\n\n<div class=\"et_pb_column_16 et_pb_column et_pb_column_1_2 et-last-child et_block_column et_pb_css_mix_blend_mode_passthrough\">\n<div class=\"et_pb_image_1 et_pb_image et_pb_module et_block_module preset--module--divi-image--5885a62b-1e6b-4f0a-9833-43b4610340f9\"><span class=\"et_pb_image_wrap\"><img loading=\"lazy\" decoding=\"async\" src=\"https:\/\/agence.blim.pro\/wp-content\/uploads\/2026\/04\/web-design-agency-03.jpg\" width=\"915\" height=\"1275\" srcset=\"https:\/\/agence.blim.pro\/wp-content\/uploads\/2026\/04\/web-design-agency-03.jpg 915w, https:\/\/agence.blim.pro\/wp-content\/uploads\/2026\/04\/web-design-agency-03-480x669.jpg 480w\" sizes=\"(min-width: 0px) and (max-width: 480px) 480px, (min-width: 481px) 915px, 100vw\" class=\"wp-image-203\" title=\"web-design-agency-03\" \/><\/span><\/div>\n<\/div>\n<\/div>\n<\/div>\n\n<div class=\"et_pb_section_4 et_pb_section et_section_regular et_block_section preset--module--divi-section--245f3a29-6491-4e56-9150-888691d8f174\">\n<div class=\"et_pb_row_8 et_pb_row et_pb_gutters2 et_block_row\">\n<div class=\"et_pb_column_17 et_pb_column et_pb_column_1_2 et_block_column et_pb_css_mix_blend_mode_passthrough\">\n<div class=\"et_pb_image_2 et_pb_image et_pb_module et_block_module preset--module--divi-image--5885a62b-1e6b-4f0a-9833-43b4610340f9\"><span class=\"et_pb_image_wrap\"><img loading=\"lazy\" decoding=\"async\" src=\"https:\/\/agence.blim.pro\/wp-content\/uploads\/2026\/04\/web-design-agency-19.jpg\" width=\"945\" height=\"525\" srcset=\"https:\/\/agence.blim.pro\/wp-content\/uploads\/2026\/04\/web-design-agency-19.jpg 945w, https:\/\/agence.blim.pro\/wp-content\/uploads\/2026\/04\/web-design-agency-19-480x267.jpg 480w\" sizes=\"(min-width: 0px) and (max-width: 480px) 480px, (min-width: 481px) 945px, 100vw\" class=\"wp-image-204\" title=\"web-design-agency-19\" \/><\/span><\/div>\n<\/div>\n\n<div class=\"et_pb_column_18 et_pb_column et_pb_column_1_2 et-last-child et_block_column et_pb_css_mix_blend_mode_passthrough\">\n<div class=\"et_pb_heading_11 et_pb_heading et_pb_module et_block_module preset--module--divi-heading--7325b3c7-91d8-4e69-88c0-8c0a792f0017\"><div class=\"et_pb_heading_container\"><h5 class=\"et_pb_module_header\">Experience a diverse range of projects we\u2019ve brought to life. Each piece represents our dedication to creativity, innovation, and meticulous craftsmanship.<\/h5><\/div><\/div>\n<\/div>\n<\/div>\n\n<div class=\"et_pb_row_9 et_pb_row et_pb_row_1-4_1-4_1-2 et_pb_equal_columns et_pb_gutters2 et_block_row et_block_row_1-4_1-4_1-2\">\n<div class=\"et_pb_column_19 et_pb_column et_pb_column_1_4 et_block_column et_pb_css_mix_blend_mode_passthrough\">\n<div class=\"et_pb_blurb_0 et_pb_blurb et_pb_bg_layout_dark et_pb_text_align_right et_pb_blurb_position_left et_clickable et_pb_module et_block_module preset--module--divi-blurb--f4f930ed-3145-4b00-a021-d7a141c98987\"><div class=\"et_pb_blurb_content\"><div class=\"et_pb_main_blurb_image\"><span class=\"et_pb_image_wrap\"><span class=\"et-pb-icon et_animated et_animated\">&amp;<\/span><\/span><\/div><div class=\"et_pb_blurb_container\"><h4 class=\"et_pb_module_header\">All Work<\/h4><\/div><\/div><\/div>\n<\/div>\n\n<div class=\"et_pb_column_20 et_pb_column et_pb_column_1_4 et_block_column et_pb_css_mix_blend_mode_passthrough preset--module--divi-column--f5138f78-25ec-49c7-90ab-b72eda2c82a2\">\n<div class=\"et_pb_image_3 et_pb_image et_pb_module et_block_module preset--module--divi-image--default\"><span class=\"et_pb_image_wrap\"><img loading=\"lazy\" decoding=\"async\" src=\"https:\/\/agence.blim.pro\/wp-content\/uploads\/2026\/04\/web-design-agency-illustration-01.png\" width=\"250\" height=\"280\" srcset=\"https:\/\/agence.blim.pro\/wp-content\/uploads\/2026\/04\/web-design-agency-illustration-01.png 250w\" sizes=\"(max-width: 250px) 100vw, 250px\" class=\"wp-image-205\" title=\"web-design-agency-illustration-01\" \/><\/span><\/div>\n<\/div>\n\n<div class=\"et_pb_column_21 et_pb_column et_pb_column_1_2 et-last-child et_block_column et_pb_css_mix_blend_mode_passthrough\">\n<div class=\"et_pb_image_4 et_pb_image et_pb_module et_block_module preset--module--divi-image--5885a62b-1e6b-4f0a-9833-43b4610340f9\"><span class=\"et_pb_image_wrap\"><img loading=\"lazy\" decoding=\"async\" src=\"https:\/\/agence.blim.pro\/wp-content\/uploads\/2026\/04\/web-design-agency-20.jpg\" width=\"945\" height=\"525\" srcset=\"https:\/\/agence.blim.pro\/wp-content\/uploads\/2026\/04\/web-design-agency-20.jpg 945w, https:\/\/agence.blim.pro\/wp-content\/uploads\/2026\/04\/web-design-agency-20-480x267.jpg 480w\" sizes=\"(min-width: 0px) and (max-width: 480px) 480px, (min-width: 481px) 945px, 100vw\" class=\"wp-image-206\" title=\"web-design-agency-20\" \/><\/span><\/div>\n<\/div>\n<\/div>\n\n<div class=\"et_pb_row_10 et_pb_row et_pb_row_4col et_pb_gutters2 et_block_row et_block_row_4col\">\n<div class=\"et_pb_column_22 et_pb_column et_pb_column_1_4 et_block_column et_pb_css_mix_blend_mode_passthrough\">\n<div class=\"et_pb_image_5 et_pb_image et_pb_module et_block_module preset--module--divi-image--5885a62b-1e6b-4f0a-9833-43b4610340f9\"><span class=\"et_pb_image_wrap\"><img loading=\"lazy\" decoding=\"async\" src=\"https:\/\/agence.blim.pro\/wp-content\/uploads\/2026\/04\/web-design-agency-21.jpg\" width=\"900\" height=\"780\" srcset=\"https:\/\/agence.blim.pro\/wp-content\/uploads\/2026\/04\/web-design-agency-21.jpg 900w, https:\/\/agence.blim.pro\/wp-content\/uploads\/2026\/04\/web-design-agency-21-480x416.jpg 480w\" sizes=\"(min-width: 0px) and (max-width: 480px) 480px, (min-width: 481px) 900px, 100vw\" class=\"wp-image-207\" title=\"web-design-agency-21\" \/><\/span><\/div>\n<\/div>\n\n<div class=\"et_pb_column_23 et_pb_column et_pb_column_1_4 et_block_column et_pb_column_empty et_pb_css_mix_blend_mode_passthrough\"><\/div>\n\n<div class=\"et_pb_column_24 et_pb_column et_pb_column_1_4 et_block_column et_pb_css_mix_blend_mode_passthrough\">\n<div class=\"et_pb_image_6 et_pb_image et_pb_module et_block_module preset--module--divi-image--5885a62b-1e6b-4f0a-9833-43b4610340f9\"><span class=\"et_pb_image_wrap\"><img loading=\"lazy\" decoding=\"async\" src=\"https:\/\/agence.blim.pro\/wp-content\/uploads\/2026\/04\/web-design-agency-22.jpg\" width=\"900\" height=\"780\" srcset=\"https:\/\/agence.blim.pro\/wp-content\/uploads\/2026\/04\/web-design-agency-22.jpg 900w, https:\/\/agence.blim.pro\/wp-content\/uploads\/2026\/04\/web-design-agency-22-480x416.jpg 480w\" sizes=\"(min-width: 0px) and (max-width: 480px) 480px, (min-width: 481px) 900px, 100vw\" class=\"wp-image-208\" title=\"web-design-agency-22\" \/><\/span><\/div>\n<\/div>\n\n<div class=\"et_pb_column_25 et_pb_column et_pb_column_1_4 et-last-child et_block_column et_pb_css_mix_blend_mode_passthrough\">\n<div class=\"et_pb_image_7 et_pb_image et_pb_module et_block_module preset--module--divi-image--5885a62b-1e6b-4f0a-9833-43b4610340f9\"><span class=\"et_pb_image_wrap\"><img loading=\"lazy\" decoding=\"async\" src=\"https:\/\/agence.blim.pro\/wp-content\/uploads\/2026\/04\/web-design-agency-23.jpg\" width=\"900\" height=\"780\" srcset=\"https:\/\/agence.blim.pro\/wp-content\/uploads\/2026\/04\/web-design-agency-23.jpg 900w, https:\/\/agence.blim.pro\/wp-content\/uploads\/2026\/04\/web-design-agency-23-480x416.jpg 480w\" sizes=\"(min-width: 0px) and (max-width: 480px) 480px, (min-width: 481px) 900px, 100vw\" class=\"wp-image-210\" title=\"web-design-agency-23\" \/><\/span><\/div>\n<\/div>\n<\/div>\n<\/div>\n\n<div class=\"et_pb_section_5 et_pb_section et_section_regular et_block_section preset--module--divi-section--4cf5df46-f4d1-4fe8-ac0e-5b6352dc79e2\">\n<div class=\"et_pb_row_11 et_pb_row et_block_row\">\n<div class=\"et_pb_column_26 et_pb_column et_pb_column_4_4 et-last-child et_block_column et_pb_css_mix_blend_mode_passthrough\">\n<div class=\"et_pb_cta_0 et_pb_promo et_pb_bg_layout_dark et_pb_module et_block_module preset--module--divi-cta--3d165e6e-d98f-4eb0-9d56-d692c2babbcd\"><div class=\"et_pb_promo_description\"><h2 class=\"et_pb_module_header\">Got A Project In Mind?<\/h2><\/div><div class=\"et_pb_button_wrapper\"><a class=\"et_pb_button et_pb_promo_button\" href=\"#\">Book A Consultation<\/a><\/div><\/div>\n<\/div>\n<\/div>\n<\/div>","protected":false},"excerpt":{"rendered":"","protected":false},"author":1,"featured_media":0,"parent":0,"menu_order":0,"comment_status":"closed","ping_status":"closed","template":"","meta":{"footnotes":""},"class_list":["post-187","page","type-page","status-publish","hentry"],"_links":{"self":[{"href":"https:\/\/agence.blim.pro\/index.php\/wp-json\/wp\/v2\/pages\/187","targetHints":{"allow":["GET"]}}],"collection":[{"href":"https:\/\/agence.blim.pro\/index.php\/wp-json\/wp\/v2\/pages"}],"about":[{"href":"https:\/\/agence.blim.pro\/index.php\/wp-json\/wp\/v2\/types\/page"}],"author":[{"embeddable":true,"href":"https:\/\/agence.blim.pro\/index.php\/wp-json\/wp\/v2\/users\/1"}],"replies":[{"embeddable":true,"href":"https:\/\/agence.blim.pro\/index.php\/wp-json\/wp\/v2\/comments?post=187"}],"version-history":[{"count":6,"href":"https:\/\/agence.blim.pro\/index.php\/wp-json\/wp\/v2\/pages\/187\/revisions"}],"predecessor-version":[{"id":245,"href":"https:\/\/agence.blim.pro\/index.php\/wp-json\/wp\/v2\/pages\/187\/revisions\/245"}],"wp:attachment":[{"href":"https:\/\/agence.blim.pro\/index.php\/wp-json\/wp\/v2\/media?parent=187"}],"curies":[{"name":"wp","href":"https:\/\/api.w.org\/{rel}","templated":true}]}}